{"id":343,"date":"2023-07-29T12:18:12","date_gmt":"2023-07-29T10:18:12","guid":{"rendered":"http:\/\/burkert-physiotherapie.de\/wordpress\/?page_id=343"},"modified":"2024-08-27T20:38:26","modified_gmt":"2024-08-27T18:38:26","slug":"events-aktuell","status":"publish","type":"page","link":"http:\/\/burkert-physiotherapie.de\/wordpress\/events-aktuell\/","title":{"rendered":"Events aktuell"},"content":{"rendered":"\n<p><strong>Online Webinar<\/strong><\/p>\n\n\n\n<figure class=\"wp-block-gallery columns-2 is-cropped\"><ul class=\"blocks-gallery-grid\"><li class=\"blocks-gallery-item\"><figure><a href=\"http:\/\/burkert-physiotherapie.de\/wordpress\/wp-content\/uploads\/2024\/08\/1724781375364-1.jpg\"><img loading=\"lazy\" width=\"576\" height=\"1024\" src=\"http:\/\/burkert-physiotherapie.de\/wordpress\/wp-content\/uploads\/2024\/08\/1724781375364-1-576x1024.jpg\" alt=\"\" data-id=\"451\" data-full-url=\"http:\/\/burkert-physiotherapie.de\/wordpress\/wp-content\/uploads\/2024\/08\/1724781375364-1.jpg\" data-link=\"http:\/\/burkert-physiotherapie.de\/wordpress\/events-aktuell\/1724781375364-2\/\" class=\"wp-image-451\" srcset=\"http:\/\/burkert-physiotherapie.de\/wordpress\/wp-content\/uploads\/2024\/08\/1724781375364-1-576x1024.jpg 576w, http:\/\/burkert-physiotherapie.de\/wordpress\/wp-content\/uploads\/2024\/08\/1724781375364-1-169x300.jpg 169w, http:\/\/burkert-physiotherapie.de\/wordpress\/wp-content\/uploads\/2024\/08\/1724781375364-1.jpg 720w\" sizes=\"(max-width: 576px) 100vw, 576px\" \/><\/a><\/figure><\/li><li class=\"blocks-gallery-item\"><figure><a href=\"http:\/\/burkert-physiotherapie.de\/wordpress\/wp-content\/uploads\/2024\/08\/1724781375349.jpg\"><img loading=\"lazy\" width=\"576\" height=\"1024\" src=\"http:\/\/burkert-physiotherapie.de\/wordpress\/wp-content\/uploads\/2024\/08\/1724781375349-576x1024.jpg\" alt=\"\" data-id=\"452\" data-full-url=\"http:\/\/burkert-physiotherapie.de\/wordpress\/wp-content\/uploads\/2024\/08\/1724781375349.jpg\" data-link=\"http:\/\/burkert-physiotherapie.de\/wordpress\/events-aktuell\/attachment\/1724781375349\/\" class=\"wp-image-452\" srcset=\"http:\/\/burkert-physiotherapie.de\/wordpress\/wp-content\/uploads\/2024\/08\/1724781375349-576x1024.jpg 576w, http:\/\/burkert-physiotherapie.de\/wordpress\/wp-content\/uploads\/2024\/08\/1724781375349-169x300.jpg 169w, http:\/\/burkert-physiotherapie.de\/wordpress\/wp-content\/uploads\/2024\/08\/1724781375349.jpg 720w\" sizes=\"(max-width: 576px) 100vw, 576px\" \/><\/a><\/figure><\/li><\/ul><\/figure>\n\n\n\n<h2>Unser Webinar f\u00fcr DICH<br>Am 19. September 2024 um 19:00 mit Yvonne &amp; Bine&nbsp;<\/h2>\n\n\n\n<p><strong>Lip\u00f6dem und Lymph\u00f6dem\u2026<\/strong><\/p>\n\n\n\n<p>Immerhin jede zehnte Frau in Deutschland ist vom Lip\u00f6dem betroffen, rund ein Viertel aller Lip\u00f6deme wird erst nach mehr als 30 Jahren erkannt. Und es werden immer mehr\u2026<\/p>\n\n\n\n<p>Das Lip\u00f6dem ist eine Fettverteilungsst\u00f6rung von der fast ausschlie\u00dflich Frauen betroffen sind. Meist beginnt es schon in j\u00fcngeren j\u00e4hren und zeichnet sich aus durch eine ungleichm\u00e4\u00dfige Fettverteilung an den Beinen. Sehr oft ist in das betroffene Gewebe zus\u00e4tzlich Wasser eingelagert (\u00d6dem).<\/p>\n\n\n\n<p>Das Lymph\u00f6dem ist eine Erkrankung des Lymphsystems, bei der bestimmte K\u00f6rperregionen stark anschwellen und sich Fl\u00fcssigkeit im Gewebe staut, also die Lymphe, die nicht richtig abflie\u00dfen kann.&nbsp;<\/p>\n\n\n\n<p>Ca. 5-7% der Frauen in Deutschland sind davon offiziell betroffen, wobei es sehr oft zu Fehldiagnosen kommt bzw. oft Lymph\u00f6deme nicht ausreichend erkannt werden. Die meisten Betroffenen w\u00fcnschen sich, dass die Erkrankung fr\u00fchzeitiger erkannt worden w\u00e4re.<\/p>\n\n\n\n<p>Wir wollen mit diesem Webinar auch ein Bewussten daf\u00fcr schaffen, dass diese Beschwerdebilder existieren und eine fr\u00fchzeitige Behandlung erm\u00f6glichen.<\/p>\n\n\n\n<p><strong>Der Ablauf<\/strong><\/p>\n\n\n\n<p>Nachdem wir dich mit ausreichend Hintergrundwissen zu beiden Stoffwechselst\u00f6rungen versorgt haben, werden wir uns intensiv mit dem Thema Lymphsystem auseinandersetzen und dir viele praktische Anleitungen und Tools an die Hand geben, die du alleine zuHause anwenden kannst.<\/p>\n\n\n\n<figure class=\"wp-block-image size-full is-resized\"><a href=\"http:\/\/burkert-physiotherapie.de\/wordpress\/wp-content\/uploads\/2024\/08\/1724781375383.jpg\"><img loading=\"lazy\" src=\"http:\/\/burkert-physiotherapie.de\/wordpress\/wp-content\/uploads\/2024\/08\/1724781375383.jpg\" alt=\"\" class=\"wp-image-453\" width=\"481\" height=\"329\" srcset=\"http:\/\/burkert-physiotherapie.de\/wordpress\/wp-content\/uploads\/2024\/08\/1724781375383.jpg 500w, http:\/\/burkert-physiotherapie.de\/wordpress\/wp-content\/uploads\/2024\/08\/1724781375383-300x205.jpg 300w\" sizes=\"(max-width: 481px) 100vw, 481px\" \/><\/a><figcaption><strong>Hier gehts zur Anmeldung<\/strong><\/figcaption><\/figure>\n\n\n\n<p><\/p>\n","protected":false},"excerpt":{"rendered":"<p>Online Webinar Unser Webinar f\u00fcr DICHAm 19. September 2024 um 19:00 mit Yvonne &amp; Bine&nbsp; Lip\u00f6dem und Lymph\u00f6dem\u2026 Immerhin jede zehnte Frau in Deutschland ist vom Lip\u00f6dem betroffen, rund ein Viertel aller Lip\u00f6deme wird erst nach mehr als 30 Jahren erkannt. Und es werden immer mehr\u2026 Das Lip\u00f6dem ist eine Fettverteilungsst\u00f6rung von der fast ausschlie\u00dflich &hellip; <\/p>\n<p class=\"link-more\"><a href=\"http:\/\/burkert-physiotherapie.de\/wordpress\/events-aktuell\/\" class=\"more-link\"><span class=\"screen-reader-text\">&#8222;Events aktuell&#8220;<\/span> weiterlesen<\/a><\/p>\n","protected":false},"author":1,"featured_media":0,"parent":0,"menu_order":0,"comment_status":"closed","ping_status":"closed","template":"","meta":[],"_links":{"self":[{"href":"http:\/\/burkert-physiotherapie.de\/wordpress\/wp-json\/wp\/v2\/pages\/343"}],"collection":[{"href":"http:\/\/burkert-physiotherapie.de\/wordpress\/wp-json\/wp\/v2\/pages"}],"about":[{"href":"http:\/\/burkert-physiotherapie.de\/wordpress\/wp-json\/wp\/v2\/types\/page"}],"author":[{"embeddable":true,"href":"http:\/\/burkert-physiotherapie.de\/wordpress\/wp-json\/wp\/v2\/users\/1"}],"replies":[{"embeddable":true,"href":"http:\/\/burkert-physiotherapie.de\/wordpress\/wp-json\/wp\/v2\/comments?post=343"}],"version-history":[{"count":10,"href":"http:\/\/burkert-physiotherapie.de\/wordpress\/wp-json\/wp\/v2\/pages\/343\/revisions"}],"predecessor-version":[{"id":459,"href":"http:\/\/burkert-physiotherapie.de\/wordpress\/wp-json\/wp\/v2\/pages\/343\/revisions\/459"}],"wp:attachment":[{"href":"http:\/\/burkert-physiotherapie.de\/wordpress\/wp-json\/wp\/v2\/media?parent=343"}],"curies":[{"name":"wp","href":"https:\/\/api.w.org\/{rel}","templated":true}]}}