{"id":139,"date":"2021-07-23T11:58:19","date_gmt":"2021-07-23T09:58:19","guid":{"rendered":"http:\/\/burkert-physiotherapie.de\/wordpress\/?page_id=139"},"modified":"2022-01-22T10:37:41","modified_gmt":"2022-01-22T09:37:41","slug":"kooperationen","status":"publish","type":"page","link":"http:\/\/burkert-physiotherapie.de\/wordpress\/kooperationen\/","title":{"rendered":"Workshop Ergonomie"},"content":{"rendered":"<p><strong>\u201eWhat a Feeling, Ergonomie im Home-Office&#8220;<\/strong><\/p>\n<p>Wer kennt das nicht: R\u00fcckenschmerzen nach einem langen Homeoffice-Tag! Wie aktuelle Studien belegen, hat uns die Volkskrankheit Nr. 1 mehr denn je im Griff, denn das stundenlange Sitzen auf K\u00fcchenst\u00fchlen und provisorisch eingerichteten Heim-Arbeitspl\u00e4tzen belastet den K\u00f6rper stark. Die erfahrene Physiotherapeutin Yvonne Burkert zeigt Ihnen in diesem 60-min\u00fctigen interaktiven Online-Workshop zum Thema Verhalten und Verh\u00e4ltnispr\u00e4vention auf was es bei Ihrem Arbeitsplatz zuhause ankommt und wie Sie Ihren K\u00f6rper durch das richtige Verhalten entlasten, Beschwerden reduzieren oder sogar komplett vermeiden k\u00f6nnen. Sie erkl\u00e4rt Ihnen, was \u201edynamisches Sitzen\u201c ist und zeigt Ihnen wie der perfekte Steh-\/Sitz-Arbeitsplatz mit einem ergonomischen B\u00fcrodrehstuhl aussieht. Yvonne Burkert hat bereits viele Firmen ergonomisch beraten und B\u00fcros eingerichtet. Profitieren Sie von Yvonne Burkerts umfangreichem Fachwissen (Bachelorarbeit: Physiotherapie am Arbeitsplatz. Dargestellt an Verhaltens-\/Verh\u00e4ltnispr\u00e4vention beim Sitzen, 2002). Holen Sie sich Tipps und werden Sie wieder leistungsst\u00e4rker. Tun Sie Ihrem K\u00f6rper etwas Gutes! Nach diesem Workshop k\u00f6nnen Sie wieder motiviert und vor allem konzentriert arbeiten und den Feierabend vollkommen entspannt genie\u00dfen!<\/p>\n<p><strong>Dauer:<\/strong> 60 + Min<br \/>\n<strong>Teilnehmer:<\/strong> max. 30<\/p>\n<p><strong>Termine:<\/strong><br \/>\nbald wieder!<\/p>\n<p><strong>Kosten:<\/strong> 59,- Euro pro Person<\/p>\n<p>Jeder Teilnehmer erh\u00e4lt ein tolles Goodiebag powerd by unseren Kooperationspartnern<br \/>\nFirmen und Gruppen erhalten Paket-Preise.<\/p>\n<p><strong>N\u00e4here Informationen unter:<\/strong><br \/>\n<a href=\"mailto:Ergoimhomeoffice@gmx.de\" target=\"_blank\" rel=\"noopener\">Ergoimhomeoffice@gmx.de<\/a><\/p>\n<p><strong>Die Buchung erfolgt \u00fcber unser Anmeldeformular:<\/strong><br \/>\n<a href=\"https:\/\/docs.google.com\/forms\/d\/1ILlbTPe-dNrUPVFysqFp9tCpU5WA0DCx_JNinIZyb0w\/edit\" target=\"_blank\" rel=\"noopener\">HIER KLICKEN<\/a><\/p>\n<p>Nach Anmeldung bekommen Sie eine Rechnung f\u00fcr den Workshop!<br \/>\nBei Geldeingang erhalten Sie eine Best\u00e4tigung per Email mit dem Zoom-Link Ihres Workshops. F\u00fcr eine reibungslose Teilnahme empfehlen wir eine vorherige Registrierung bei zoom.<\/p>\n","protected":false},"excerpt":{"rendered":"<p>\u201eWhat a Feeling, Ergonomie im Home-Office&#8220; Wer kennt das nicht: R\u00fcckenschmerzen nach einem langen Homeoffice-Tag! Wie aktuelle Studien belegen, hat uns die Volkskrankheit Nr. 1 mehr denn je im Griff, denn das stundenlange Sitzen auf K\u00fcchenst\u00fchlen und provisorisch eingerichteten Heim-Arbeitspl\u00e4tzen belastet den K\u00f6rper stark. Die erfahrene Physiotherapeutin Yvonne Burkert zeigt Ihnen in diesem 60-min\u00fctigen interaktiven &hellip; <\/p>\n<p class=\"link-more\"><a href=\"http:\/\/burkert-physiotherapie.de\/wordpress\/kooperationen\/\" class=\"more-link\"><span class=\"screen-reader-text\">&#8222;Workshop Ergonomie&#8220;<\/span> weiterlesen<\/a><\/p>\n","protected":false},"author":1,"featured_media":176,"parent":0,"menu_order":0,"comment_status":"closed","ping_status":"closed","template":"","meta":[],"_links":{"self":[{"href":"http:\/\/burkert-physiotherapie.de\/wordpress\/wp-json\/wp\/v2\/pages\/139"}],"collection":[{"href":"http:\/\/burkert-physiotherapie.de\/wordpress\/wp-json\/wp\/v2\/pages"}],"about":[{"href":"http:\/\/burkert-physiotherapie.de\/wordpress\/wp-json\/wp\/v2\/types\/page"}],"author":[{"embeddable":true,"href":"http:\/\/burkert-physiotherapie.de\/wordpress\/wp-json\/wp\/v2\/users\/1"}],"replies":[{"embeddable":true,"href":"http:\/\/burkert-physiotherapie.de\/wordpress\/wp-json\/wp\/v2\/comments?post=139"}],"version-history":[{"count":7,"href":"http:\/\/burkert-physiotherapie.de\/wordpress\/wp-json\/wp\/v2\/pages\/139\/revisions"}],"predecessor-version":[{"id":222,"href":"http:\/\/burkert-physiotherapie.de\/wordpress\/wp-json\/wp\/v2\/pages\/139\/revisions\/222"}],"wp:featuredmedia":[{"embeddable":true,"href":"http:\/\/burkert-physiotherapie.de\/wordpress\/wp-json\/wp\/v2\/media\/176"}],"wp:attachment":[{"href":"http:\/\/burkert-physiotherapie.de\/wordpress\/wp-json\/wp\/v2\/media?parent=139"}],"curies":[{"name":"wp","href":"https:\/\/api.w.org\/{rel}","templated":true}]}}